{"id":170,"date":"2026-01-12T20:44:23","date_gmt":"2026-01-12T20:44:23","guid":{"rendered":"https:\/\/alisulimport.com.br\/?page_id=170"},"modified":"2026-01-12T22:50:29","modified_gmt":"2026-01-12T22:50:29","slug":"contato-2","status":"publish","type":"page","link":"https:\/\/alisulimport.com.br\/index.php\/contato-2\/","title":{"rendered":"CONTATO"},"content":{"rendered":"<p>[et_pb_section fb_built=&#8221;1&#8243; admin_label=&#8221;Header&#8221; _builder_version=&#8221;4.27.5&#8243; _module_preset=&#8221;default&#8221; hover_enabled=&#8221;0&#8243; collapsed=&#8221;on&#8221; global_colors_info=&#8221;{}&#8221; custom_padding=&#8221;||132px|||&#8221; sticky_enabled=&#8221;0&#8243; background_color=&#8221;#FFFFFF&#8221; background_enable_pattern_style=&#8221;on&#8221; background_pattern_style=&#8221;diagonal-stripes&#8221; background_pattern_color=&#8221;rgba(0,0,0,0.03)&#8221;][et_pb_row column_structure=&#8221;1_2,1_2&#8243; make_equal=&#8221;on&#8221; _builder_version=&#8221;4.27.5&#8243; _module_preset=&#8221;default&#8221; global_colors_info=&#8221;{}&#8221;][et_pb_column type=&#8221;1_2&#8243; _builder_version=&#8221;4.27.5&#8243; _module_preset=&#8221;default&#8221; custom_padding=&#8221;21px||21px||true|false&#8221; custom_padding_tablet=&#8221;0px||0px||true|false&#8221; custom_padding_phone=&#8221;0px||0px||true|false&#8221; custom_padding_last_edited=&#8221;on|tablet&#8221; global_colors_info=&#8221;{}&#8221;][et_pb_text _builder_version=&#8221;4.27.5&#8243; _module_preset=&#8221;6b3a5683-8e5d-42ae-aad5-984dad3c877e&#8221; header_text_color=&#8221;#214785&#8243; custom_margin=&#8221;||10px||false|false&#8221; global_colors_info=&#8221;{}&#8221;]<\/p>\n<h1>Contato<\/h1>\n<p>[\/et_pb_text][et_pb_text _builder_version=&#8221;4.27.5&#8243; _module_preset=&#8221;00f07309-3a18-4e14-b11f-39de02ccd6b3&#8243; text_text_color=&#8221;#7cda24&#8243; text_font_size=&#8221;23px&#8221; locked=&#8221;off&#8221; global_colors_info=&#8221;{}&#8221;]<\/p>\n<p>Telefone +55 (49) 3197-0378<\/p>\n<p>[\/et_pb_text][et_pb_text _builder_version=&#8221;4.27.5&#8243; _module_preset=&#8221;00f07309-3a18-4e14-b11f-39de02ccd6b3&#8243; locked=&#8221;off&#8221; global_colors_info=&#8221;{}&#8221;]<\/p>\n<p><strong>Matriz:<\/strong><br \/>Rua S\u00e3o Paulo, 290<br \/>Andar 1, Sala 02, Centro<br \/>85700-000 &#8211; Barrac\u00e3o &#8211; PR<\/p>\n<p><strong>Filial:<\/strong><br \/>Av. Sete de Setembro, 776<br \/>Sala 501, Box 132, Bairro Fazenda<br \/>88301-202 &#8211; Itaja\u00ed &#8211; SC<\/p>\n<p><strong>Email:<\/strong> comercial@alisulimport.com.br<\/p>\n<p>[\/et_pb_text][\/et_pb_column][et_pb_column type=&#8221;1_2&#8243; _builder_version=&#8221;4.27.5&#8243; _module_preset=&#8221;default&#8221; background_image=&#8221;https:\/\/alisulimport.com.br\/wp-content\/uploads\/2026\/01\/contato.jpg&#8221; border_radii=&#8221;off|||150px|&#8221; global_colors_info=&#8221;{}&#8221;][et_pb_divider show_divider=&#8221;off&#8221; _builder_version=&#8221;4.27.5&#8243; _module_preset=&#8221;default&#8221; height_tablet=&#8221;40vw&#8221; height_phone=&#8221;40vw&#8221; height_last_edited=&#8221;on|desktop&#8221; global_colors_info=&#8221;{}&#8221;][\/et_pb_divider][\/et_pb_column][\/et_pb_row][\/et_pb_section]<\/p>\n","protected":false},"excerpt":{"rendered":"<p>ContatoTelefone +55 (49) 3197-0378Matriz:Rua S\u00e3o Paulo, 290Andar 1, Sala 02, Centro85700-000 &#8211; Barrac\u00e3o &#8211; PR Filial:Av. Sete de Setembro, 776Sala 501, Box 132, Bairro Fazenda88301-202 &#8211; Itaja\u00ed &#8211; SC Email: comercial@alisulimport.com.br<\/p>\n","protected":false},"author":1,"featured_media":0,"parent":0,"menu_order":0,"comment_status":"closed","ping_status":"closed","template":"","meta":{"_et_pb_use_builder":"on","_et_pb_old_content":"","_et_gb_content_width":"","footnotes":""},"class_list":["post-170","page","type-page","status-publish","hentry"],"_links":{"self":[{"href":"https:\/\/alisulimport.com.br\/index.php\/wp-json\/wp\/v2\/pages\/170","targetHints":{"allow":["GET"]}}],"collection":[{"href":"https:\/\/alisulimport.com.br\/index.php\/wp-json\/wp\/v2\/pages"}],"about":[{"href":"https:\/\/alisulimport.com.br\/index.php\/wp-json\/wp\/v2\/types\/page"}],"author":[{"embeddable":true,"href":"https:\/\/alisulimport.com.br\/index.php\/wp-json\/wp\/v2\/users\/1"}],"replies":[{"embeddable":true,"href":"https:\/\/alisulimport.com.br\/index.php\/wp-json\/wp\/v2\/comments?post=170"}],"version-history":[{"count":8,"href":"https:\/\/alisulimport.com.br\/index.php\/wp-json\/wp\/v2\/pages\/170\/revisions"}],"predecessor-version":[{"id":283,"href":"https:\/\/alisulimport.com.br\/index.php\/wp-json\/wp\/v2\/pages\/170\/revisions\/283"}],"wp:attachment":[{"href":"https:\/\/alisulimport.com.br\/index.php\/wp-json\/wp\/v2\/media?parent=170"}],"curies":[{"name":"wp","href":"https:\/\/api.w.org\/{rel}","templated":true}]}}